{"id":2049,"date":"2022-08-01T15:27:06","date_gmt":"2022-08-01T13:27:06","guid":{"rendered":"https:\/\/www.provys-cz.eu\/de\/?page_id=2049"},"modified":"2023-06-02T11:47:19","modified_gmt":"2023-06-02T09:47:19","slug":"kontakt","status":"publish","type":"page","link":"https:\/\/www.provys-cz.eu\/de\/kontakt\/","title":{"rendered":"Kontakt"},"content":{"rendered":"\t\t<div data-elementor-type=\"wp-page\" data-elementor-id=\"2049\" class=\"elementor elementor-2049\">\n\t\t\t\t\t\t<section class=\"elementor-section elementor-top-section elementor-element elementor-element-f5fe070 elementor-section-content-middle elementor-section-boxed elementor-section-height-default elementor-section-height-default\" data-id=\"f5fe070\" data-element_type=\"section\">\n\t\t\t\t\t\t<div class=\"elementor-container elementor-column-gap-default\">\n\t\t\t\t\t<div class=\"elementor-column elementor-col-50 elementor-top-column elementor-element elementor-element-54b1d26\" data-id=\"54b1d26\" data-element_type=\"column\">\n\t\t\t<div class=\"elementor-widget-wrap elementor-element-populated\">\n\t\t\t\t\t\t<div class=\"elementor-element elementor-element-ce624cd dl-align-left elementor-widget elementor-widget-industrus-section-heading\" data-id=\"ce624cd\" data-element_type=\"widget\" data-widget_type=\"industrus-section-heading.default\">\n\t\t\t\t<div class=\"elementor-widget-container\">\n\t\t\t        <div class=\"dl-section-heading\">\r\n                                    <h2 class=\"dl-heading\" data-bg-text=\"\">\r\n                                <span class=\"dl-before\">Z\u00f6gern Sie nicht, uns zu kontaktieren!<span><\/span><\/span>\r\n                                                                <span class=\"dl-after\">Wir sind f\u00fcr Sie da!<\/span>\r\n                                            <\/h2>\r\n                                <\/div>\r\n        \t\t<\/div>\n\t\t\t\t<\/div>\n\t\t\t\t<div class=\"elementor-element elementor-element-b69e6ef dl-left elementor-widget elementor-widget-industrus_service\" data-id=\"b69e6ef\" data-element_type=\"widget\" data-widget_type=\"industrus_service.default\">\n\t\t\t\t<div class=\"elementor-widget-container\">\n\t\t\t            <div class=\"dl-service dl-service-style-5\" >\r\n                <div class=\"dl-icon\"><i class=\"fas fa-paper-plane\"><\/i><\/div>                                <div class=\"content\">\r\n                    <p ><span class=\"infmail\">...<\/span><\/p>                <\/div>\r\n            <\/div>\r\n        \t\t<\/div>\n\t\t\t\t<\/div>\n\t\t\t\t<div class=\"elementor-element elementor-element-be0fa01 dl-left elementor-widget elementor-widget-industrus_service\" data-id=\"be0fa01\" data-element_type=\"widget\" data-widget_type=\"industrus_service.default\">\n\t\t\t\t<div class=\"elementor-widget-container\">\n\t\t\t            <div class=\"dl-service dl-service-style-5\" >\r\n                <div class=\"dl-icon\"><i class=\"fas fa-phone-alt\"><\/i><\/div>                                <div class=\"content\">\r\n                    <p ><span class=\"inftel\">...<\/span><\/p>                <\/div>\r\n            <\/div>\r\n        \t\t<\/div>\n\t\t\t\t<\/div>\n\t\t\t\t<div class=\"elementor-element elementor-element-00612b3 dl-left elementor-widget elementor-widget-industrus_service\" data-id=\"00612b3\" data-element_type=\"widget\" data-widget_type=\"industrus_service.default\">\n\t\t\t\t<div class=\"elementor-widget-container\">\n\t\t\t            <div class=\"dl-service dl-service-style-5\" >\r\n                <div class=\"dl-icon\"><i class=\"fas fa-building\"><\/i><\/div>                                <div class=\"content\">\r\n                    <p >PROVYS CZ, s.r.o.<br>\nLibereck\u00e1 4799\/71<br>\n466 01 Jablonec nad Nisou<br>\n<br>\nI\u010c: 25420143<br>\nDI\u010c: CZ25420143<br>\n<i>\nBezirksgericht in \u00dast\u00ed nad Labem Handelsregister, Abt. C, Einlage 17155<\/i><\/p>                <\/div>\r\n            <\/div>\r\n        \t\t<\/div>\n\t\t\t\t<\/div>\n\t\t\t\t<div class=\"elementor-element elementor-element-8e28ebc dl-left elementor-widget elementor-widget-industrus_service\" data-id=\"8e28ebc\" data-element_type=\"widget\" data-widget_type=\"industrus_service.default\">\n\t\t\t\t<div class=\"elementor-widget-container\">\n\t\t\t            <div class=\"dl-service dl-service-style-5\" >\r\n                <div class=\"dl-icon\"><i class=\"fas fa-boxes\"><\/i><\/div>                                <div class=\"content\">\r\n                    <p >Lager - Wareneingang\/Warenausgang:<br>\nMo \u2013 Fr \u2013 7:00 \u2013 15:30<br>\n<span class=\"stockmail\">...<\/span><br><\/p>                <\/div>\r\n            <\/div>\r\n        \t\t<\/div>\n\t\t\t\t<\/div>\n\t\t\t\t<div class=\"elementor-element elementor-element-e8072df dl-left elementor-widget elementor-widget-industrus_service\" data-id=\"e8072df\" data-element_type=\"widget\" data-widget_type=\"industrus_service.default\">\n\t\t\t\t<div class=\"elementor-widget-container\">\n\t\t\t            <div class=\"dl-service dl-service-style-5\" >\r\n                <div class=\"dl-icon\"><i class=\"fas fa-file-invoice-dollar\"><\/i><\/div>                                <div class=\"content\">\r\n                    <p >Rechnungsstellung:<br>\n<span class=\"famail\">...<\/span><br>\n<span class=\"fatel\">...<\/span><\/p>                <\/div>\r\n            <\/div>\r\n        \t\t<\/div>\n\t\t\t\t<\/div>\n\t\t\t\t\t<\/div>\n\t\t<\/div>\n\t\t\t\t<div class=\"elementor-column elementor-col-50 elementor-top-column elementor-element elementor-element-f3f50ff\" data-id=\"f3f50ff\" data-element_type=\"column\">\n\t\t\t<div class=\"elementor-widget-wrap elementor-element-populated\">\n\t\t\t\t\t\t<div class=\"elementor-element elementor-element-39d200c elementor-widget elementor-widget-image\" data-id=\"39d200c\" data-element_type=\"widget\" data-widget_type=\"image.default\">\n\t\t\t\t<div class=\"elementor-widget-container\">\n\t\t\t<style>\/*! elementor - v3.23.0 - 05-08-2024 *\/\n.elementor-widget-image{text-align:center}.elementor-widget-image a{display:inline-block}.elementor-widget-image a img[src$=\".svg\"]{width:48px}.elementor-widget-image img{vertical-align:middle;display:inline-block}<\/style>\t\t\t\t\t\t\t\t\t\t<img decoding=\"async\" src=\"https:\/\/www.provys-cz.eu\/de\/wp-content\/uploads\/sites\/12\/elementor\/thumbs\/budova-q2vyrwjf3at247spv47ukysnftanh0kb1tbex5letc.jpeg\" title=\"budova\" alt=\"budova\" loading=\"lazy\" \/>\t\t\t\t\t\t\t\t\t\t\t\t\t<\/div>\n\t\t\t\t<\/div>\n\t\t\t\t\t<\/div>\n\t\t<\/div>\n\t\t\t\t\t<\/div>\n\t\t<\/section>\n\t\t\t\t<section class=\"elementor-section elementor-top-section elementor-element elementor-element-965b66f elementor-section-full_width elementor-section-height-default elementor-section-height-default\" data-id=\"965b66f\" data-element_type=\"section\">\n\t\t\t\t\t\t<div class=\"elementor-container elementor-column-gap-no\">\n\t\t\t\t\t<div class=\"elementor-column elementor-col-100 elementor-top-column elementor-element elementor-element-cc0314c\" data-id=\"cc0314c\" data-element_type=\"column\">\n\t\t\t<div class=\"elementor-widget-wrap elementor-element-populated\">\n\t\t\t\t\t\t<div class=\"elementor-element elementor-element-d563651 elementor-widget elementor-widget-google_maps\" data-id=\"d563651\" data-element_type=\"widget\" data-widget_type=\"google_maps.default\">\n\t\t\t\t<div class=\"elementor-widget-container\">\n\t\t\t<style>\/*! elementor - v3.23.0 - 05-08-2024 *\/\n.elementor-widget-google_maps .elementor-widget-container{overflow:hidden}.elementor-widget-google_maps .elementor-custom-embed{line-height:0}.elementor-widget-google_maps iframe{height:300px}<\/style>\t\t<div class=\"elementor-custom-embed\">\n\t\t\t<iframe loading=\"lazy\"\n\t\t\t\t\tsrc=\"https:\/\/maps.google.com\/maps?q=Libereck%C3%A1%204799%2F71%2C466%2001%20Jablonec%20nad%20Nisou%20%20%20%20%20%20%20&#038;t=m&#038;z=16&#038;output=embed&#038;iwloc=near\"\n\t\t\t\t\ttitle=\"Libereck\u00e1 4799\/71,466 01 Jablonec nad Nisou       \"\n\t\t\t\t\taria-label=\"Libereck\u00e1 4799\/71,466 01 Jablonec nad Nisou       \"\n\t\t\t><\/iframe>\n\t\t<\/div>\n\t\t\t\t<\/div>\n\t\t\t\t<\/div>\n\t\t\t\t\t<\/div>\n\t\t<\/div>\n\t\t\t\t\t<\/div>\n\t\t<\/section>\n\t\t\t\t<section class=\"elementor-section elementor-top-section elementor-element elementor-element-b12f869 elementor-section-boxed elementor-section-height-default elementor-section-height-default\" data-id=\"b12f869\" data-element_type=\"section\" data-settings=\"{&quot;background_background&quot;:&quot;classic&quot;}\">\n\t\t\t\t\t\t<div class=\"elementor-container elementor-column-gap-default\">\n\t\t\t\t\t<div class=\"elementor-column elementor-col-100 elementor-top-column elementor-element elementor-element-416605c\" data-id=\"416605c\" data-element_type=\"column\">\n\t\t\t<div class=\"elementor-widget-wrap elementor-element-populated\">\n\t\t\t\t\t\t<div class=\"elementor-element elementor-element-53b5b92 dl-align-center elementor-widget elementor-widget-industrus-section-heading\" data-id=\"53b5b92\" data-element_type=\"widget\" data-widget_type=\"industrus-section-heading.default\">\n\t\t\t\t<div class=\"elementor-widget-container\">\n\t\t\t        <div class=\"dl-section-heading\">\r\n                                    <h2 class=\"dl-heading\" data-bg-text=\"\">\r\n                                <span class=\"dl-before\">Wir liefern weltweit!<span><\/span><\/span>\r\n                                                                            <\/h2>\r\n                                <\/div>\r\n        \t\t<\/div>\n\t\t\t\t<\/div>\n\t\t\t\t<div class=\"elementor-element elementor-element-ae5007f elementor-widget elementor-widget-image\" data-id=\"ae5007f\" data-element_type=\"widget\" data-widget_type=\"image.default\">\n\t\t\t\t<div class=\"elementor-widget-container\">\n\t\t\t\t\t\t\t\t\t\t\t\t\t<img fetchpriority=\"high\" decoding=\"async\" width=\"2233\" height=\"988\" src=\"https:\/\/www.provys-cz.eu\/de\/wp-content\/uploads\/sites\/12\/2023\/02\/newmapa_de.png\" class=\"attachment-full size-full wp-image-3344\" alt=\"\" srcset=\"https:\/\/www.provys-cz.eu\/de\/wp-content\/uploads\/sites\/12\/2023\/02\/newmapa_de.png 2233w, https:\/\/www.provys-cz.eu\/de\/wp-content\/uploads\/sites\/12\/2023\/02\/newmapa_de-300x133.png 300w, https:\/\/www.provys-cz.eu\/de\/wp-content\/uploads\/sites\/12\/2023\/02\/newmapa_de-1024x453.png 1024w, https:\/\/www.provys-cz.eu\/de\/wp-content\/uploads\/sites\/12\/2023\/02\/newmapa_de-768x340.png 768w, https:\/\/www.provys-cz.eu\/de\/wp-content\/uploads\/sites\/12\/2023\/02\/newmapa_de-1536x680.png 1536w, https:\/\/www.provys-cz.eu\/de\/wp-content\/uploads\/sites\/12\/2023\/02\/newmapa_de-2048x906.png 2048w\" sizes=\"(max-width: 2233px) 100vw, 2233px\" \/>\t\t\t\t\t\t\t\t\t\t\t\t\t<\/div>\n\t\t\t\t<\/div>\n\t\t\t\t\t<\/div>\n\t\t<\/div>\n\t\t\t\t\t<\/div>\n\t\t<\/section>\n\t\t\t\t<section class=\"elementor-section elementor-top-section elementor-element elementor-element-0db8dfa elementor-section-full_width elementor-section-height-default elementor-section-height-default\" data-id=\"0db8dfa\" data-element_type=\"section\" data-settings=\"{&quot;background_background&quot;:&quot;classic&quot;}\">\n\t\t\t\t\t\t<div class=\"elementor-container elementor-column-gap-default\">\n\t\t\t\t\t<div class=\"elementor-column elementor-col-100 elementor-top-column elementor-element elementor-element-ee3fb18\" data-id=\"ee3fb18\" data-element_type=\"column\">\n\t\t\t<div class=\"elementor-widget-wrap elementor-element-populated\">\n\t\t\t\t\t\t<div class=\"elementor-element elementor-element-548ce7a elementor-arrows-position-outside elementor-widget elementor-widget-global elementor-global-3208 elementor-widget-image-carousel\" data-id=\"548ce7a\" data-element_type=\"widget\" id=\"logos\" data-settings=\"{&quot;slides_to_show&quot;:&quot;4&quot;,&quot;slides_to_scroll&quot;:&quot;1&quot;,&quot;navigation&quot;:&quot;arrows&quot;,&quot;autoplay&quot;:&quot;yes&quot;,&quot;pause_on_hover&quot;:&quot;yes&quot;,&quot;pause_on_interaction&quot;:&quot;yes&quot;,&quot;autoplay_speed&quot;:5000,&quot;infinite&quot;:&quot;yes&quot;,&quot;speed&quot;:500}\" data-widget_type=\"image-carousel.default\">\n\t\t\t\t<div class=\"elementor-widget-container\">\n\t\t\t<style>\/*! elementor - v3.23.0 - 05-08-2024 *\/\n.elementor-widget-image-carousel .swiper,.elementor-widget-image-carousel .swiper-container{position:static}.elementor-widget-image-carousel .swiper-container .swiper-slide figure,.elementor-widget-image-carousel .swiper .swiper-slide figure{line-height:inherit}.elementor-widget-image-carousel .swiper-slide{text-align:center}.elementor-image-carousel-wrapper:not(.swiper-container-initialized):not(.swiper-initialized) .swiper-slide{max-width:calc(100% \/ var(--e-image-carousel-slides-to-show, 3))}<\/style>\t\t<div class=\"elementor-image-carousel-wrapper swiper\" dir=\"ltr\">\n\t\t\t<div class=\"elementor-image-carousel swiper-wrapper\" aria-live=\"off\">\n\t\t\t\t\t\t\t\t<div class=\"swiper-slide\" role=\"group\" aria-roledescription=\"slide\" aria-label=\"1 z 4\"><figure class=\"swiper-slide-inner\"><img decoding=\"async\" class=\"swiper-slide-image\" src=\"https:\/\/www.provys-cz.eu\/de\/wp-content\/uploads\/sites\/12\/2023\/01\/l1.png\" alt=\"https:\/\/www.witte-automotive.com\/\" \/><\/figure><\/div><div class=\"swiper-slide\" role=\"group\" aria-roledescription=\"slide\" aria-label=\"2 z 4\"><figure class=\"swiper-slide-inner\"><img decoding=\"async\" class=\"swiper-slide-image\" src=\"https:\/\/www.provys-cz.eu\/de\/wp-content\/uploads\/sites\/12\/2023\/01\/l2.png\" alt=\"https:\/\/www.freudenberg.com\/\" \/><\/figure><\/div><div class=\"swiper-slide\" role=\"group\" aria-roledescription=\"slide\" aria-label=\"3 z 4\"><figure class=\"swiper-slide-inner\"><img decoding=\"async\" class=\"swiper-slide-image\" src=\"https:\/\/www.provys-cz.eu\/de\/wp-content\/uploads\/sites\/12\/2023\/01\/l3.png\" alt=\"https:\/\/www.grupoantolin.com\/\" \/><\/figure><\/div><div class=\"swiper-slide\" role=\"group\" aria-roledescription=\"slide\" aria-label=\"4 z 4\"><figure class=\"swiper-slide-inner\"><img decoding=\"async\" class=\"swiper-slide-image\" src=\"https:\/\/www.provys-cz.eu\/de\/wp-content\/uploads\/sites\/12\/2023\/01\/l4.png\" alt=\"https:\/\/www.iacgroup.com\/\" \/><\/figure><\/div>\t\t\t<\/div>\n\t\t\t\t\t\t\t\t\t\t\t\t<div class=\"elementor-swiper-button elementor-swiper-button-prev\" role=\"button\" tabindex=\"0\">\n\t\t\t\t\t\t<i aria-hidden=\"true\" class=\"eicon-chevron-left\"><\/i>\t\t\t\t\t<\/div>\n\t\t\t\t\t<div class=\"elementor-swiper-button elementor-swiper-button-next\" role=\"button\" tabindex=\"0\">\n\t\t\t\t\t\t<i aria-hidden=\"true\" class=\"eicon-chevron-right\"><\/i>\t\t\t\t\t<\/div>\n\t\t\t\t\n\t\t\t\t\t\t\t\t\t<\/div>\n\t\t\t\t<\/div>\n\t\t\t\t<\/div>\n\t\t\t\t\t<\/div>\n\t\t<\/div>\n\t\t\t\t\t<\/div>\n\t\t<\/section>\n\t\t\t\t<\/div>\n\t\t","protected":false},"excerpt":{"rendered":"<p>Z\u00f6gern Sie nicht, uns zu kontaktieren! Wir sind f\u00fcr Sie da! &#8230; &#8230; PROVYS CZ, s.r.o. Libereck\u00e1 4799\/71 466 01 Jablonec nad Nisou I\u010c: 25420143 DI\u010c: CZ25420143 Bezirksgericht in \u00dast\u00ed nad Labem Handelsregister, Abt. C, Einlage 17155 Lager &#8211; Wareneingang\/Warenausgang: Mo \u2013 Fr \u2013 7:00 \u2013 15:30 &#8230; Rechnungsstellung: &#8230; &#8230; Wir liefern weltweit! Previous<\/p>\n","protected":false},"author":1,"featured_media":0,"parent":0,"menu_order":0,"comment_status":"closed","ping_status":"closed","template":"empty-template.php","meta":[],"yoast_head":"<!-- This site is optimized with the Yoast SEO plugin v21.8.1 - https:\/\/yoast.com\/wordpress\/plugins\/seo\/ -->\n<title>Kontakt | PROVYS CZ<\/title>\n<meta name=\"description\" content=\"Sie wollen Ihre Produktionsprozesse optimieren oder sind an einem Job bei uns interessiert? Kontaktieren Sie uns unter +420 483 329180 oder info@provys-cz.eu\" \/>\n<meta name=\"robots\" content=\"index, follow, max-snippet:-1, max-image-preview:large, max-video-preview:-1\" \/>\n<link rel=\"canonical\" href=\"https:\/\/www.provys-cz.eu\/de\/kontakt\/\" \/>\n<meta property=\"og:locale\" content=\"cs_CZ\" \/>\n<meta property=\"og:type\" content=\"article\" \/>\n<meta property=\"og:title\" content=\"Kontakt | PROVYS CZ\" \/>\n<meta property=\"og:description\" content=\"Sie wollen Ihre Produktionsprozesse optimieren oder sind an einem Job bei uns interessiert? Kontaktieren Sie uns unter +420 483 329180 oder info@provys-cz.eu\" \/>\n<meta property=\"og:url\" content=\"https:\/\/www.provys-cz.eu\/de\/kontakt\/\" \/>\n<meta property=\"og:site_name\" content=\"Provys - de\" \/>\n<meta property=\"article:modified_time\" content=\"2023-06-02T09:47:19+00:00\" \/>\n<meta property=\"og:image\" content=\"https:\/\/www.provys-cz.eu\/de\/wp-content\/uploads\/sites\/12\/elementor\/thumbs\/budova-q2vyrwjf3at247spv47ukysnftanh0kb1tbex5letc.jpeg\" \/>\n<meta name=\"twitter:card\" content=\"summary_large_image\" \/>\n<meta name=\"twitter:label1\" content=\"Odhadovan\u00e1 doba \u010dten\u00ed\" \/>\n\t<meta name=\"twitter:data1\" content=\"4 minuty\" \/>\n<script type=\"application\/ld+json\" class=\"yoast-schema-graph\">{\"@context\":\"https:\/\/schema.org\",\"@graph\":[{\"@type\":\"WebPage\",\"@id\":\"https:\/\/www.provys-cz.eu\/de\/kontakt\/\",\"url\":\"https:\/\/www.provys-cz.eu\/de\/kontakt\/\",\"name\":\"Kontakt | PROVYS CZ\",\"isPartOf\":{\"@id\":\"https:\/\/www.provys-cz.eu\/de\/#website\"},\"datePublished\":\"2022-08-01T13:27:06+00:00\",\"dateModified\":\"2023-06-02T09:47:19+00:00\",\"description\":\"Sie wollen Ihre Produktionsprozesse optimieren oder sind an einem Job bei uns interessiert? Kontaktieren Sie uns unter +420 483 329180 oder info@provys-cz.eu\",\"inLanguage\":\"cs\",\"potentialAction\":[{\"@type\":\"ReadAction\",\"target\":[\"https:\/\/www.provys-cz.eu\/de\/kontakt\/\"]}]},{\"@type\":\"WebSite\",\"@id\":\"https:\/\/www.provys-cz.eu\/de\/#website\",\"url\":\"https:\/\/www.provys-cz.eu\/de\/\",\"name\":\"Provys - de\",\"description\":\"S n\u00e1mi to jde samo!\",\"publisher\":{\"@id\":\"https:\/\/www.provys-cz.eu\/de\/#organization\"},\"potentialAction\":[{\"@type\":\"SearchAction\",\"target\":{\"@type\":\"EntryPoint\",\"urlTemplate\":\"https:\/\/www.provys-cz.eu\/de\/?s={search_term_string}\"},\"query-input\":\"required name=search_term_string\"}],\"inLanguage\":\"cs\"},{\"@type\":\"Organization\",\"@id\":\"https:\/\/www.provys-cz.eu\/de\/#organization\",\"name\":\"Provys - de\",\"url\":\"https:\/\/www.provys-cz.eu\/de\/\",\"logo\":{\"@type\":\"ImageObject\",\"inLanguage\":\"cs\",\"@id\":\"https:\/\/www.provys-cz.eu\/de\/#\/schema\/logo\/image\/\",\"url\":\"https:\/\/www.provys-cz.eu\/de\/wp-content\/uploads\/sites\/12\/2022\/08\/logo.png\",\"contentUrl\":\"https:\/\/www.provys-cz.eu\/de\/wp-content\/uploads\/sites\/12\/2022\/08\/logo.png\",\"width\":1188,\"height\":236,\"caption\":\"Provys - de\"},\"image\":{\"@id\":\"https:\/\/www.provys-cz.eu\/de\/#\/schema\/logo\/image\/\"}}]}<\/script>\n<!-- \/ Yoast SEO plugin. -->","yoast_head_json":{"title":"Kontakt | PROVYS CZ","description":"Sie wollen Ihre Produktionsprozesse optimieren oder sind an einem Job bei uns interessiert? Kontaktieren Sie uns unter +420 483 329180 oder info@provys-cz.eu","robots":{"index":"index","follow":"follow","max-snippet":"max-snippet:-1","max-image-preview":"max-image-preview:large","max-video-preview":"max-video-preview:-1"},"canonical":"https:\/\/www.provys-cz.eu\/de\/kontakt\/","og_locale":"cs_CZ","og_type":"article","og_title":"Kontakt | PROVYS CZ","og_description":"Sie wollen Ihre Produktionsprozesse optimieren oder sind an einem Job bei uns interessiert? Kontaktieren Sie uns unter +420 483 329180 oder info@provys-cz.eu","og_url":"https:\/\/www.provys-cz.eu\/de\/kontakt\/","og_site_name":"Provys - de","article_modified_time":"2023-06-02T09:47:19+00:00","og_image":[{"url":"https:\/\/www.provys-cz.eu\/de\/wp-content\/uploads\/sites\/12\/elementor\/thumbs\/budova-q2vyrwjf3at247spv47ukysnftanh0kb1tbex5letc.jpeg"}],"twitter_card":"summary_large_image","twitter_misc":{"Odhadovan\u00e1 doba \u010dten\u00ed":"4 minuty"},"schema":{"@context":"https:\/\/schema.org","@graph":[{"@type":"WebPage","@id":"https:\/\/www.provys-cz.eu\/de\/kontakt\/","url":"https:\/\/www.provys-cz.eu\/de\/kontakt\/","name":"Kontakt | PROVYS CZ","isPartOf":{"@id":"https:\/\/www.provys-cz.eu\/de\/#website"},"datePublished":"2022-08-01T13:27:06+00:00","dateModified":"2023-06-02T09:47:19+00:00","description":"Sie wollen Ihre Produktionsprozesse optimieren oder sind an einem Job bei uns interessiert? Kontaktieren Sie uns unter +420 483 329180 oder info@provys-cz.eu","inLanguage":"cs","potentialAction":[{"@type":"ReadAction","target":["https:\/\/www.provys-cz.eu\/de\/kontakt\/"]}]},{"@type":"WebSite","@id":"https:\/\/www.provys-cz.eu\/de\/#website","url":"https:\/\/www.provys-cz.eu\/de\/","name":"Provys - de","description":"S n\u00e1mi to jde samo!","publisher":{"@id":"https:\/\/www.provys-cz.eu\/de\/#organization"},"potentialAction":[{"@type":"SearchAction","target":{"@type":"EntryPoint","urlTemplate":"https:\/\/www.provys-cz.eu\/de\/?s={search_term_string}"},"query-input":"required name=search_term_string"}],"inLanguage":"cs"},{"@type":"Organization","@id":"https:\/\/www.provys-cz.eu\/de\/#organization","name":"Provys - de","url":"https:\/\/www.provys-cz.eu\/de\/","logo":{"@type":"ImageObject","inLanguage":"cs","@id":"https:\/\/www.provys-cz.eu\/de\/#\/schema\/logo\/image\/","url":"https:\/\/www.provys-cz.eu\/de\/wp-content\/uploads\/sites\/12\/2022\/08\/logo.png","contentUrl":"https:\/\/www.provys-cz.eu\/de\/wp-content\/uploads\/sites\/12\/2022\/08\/logo.png","width":1188,"height":236,"caption":"Provys - de"},"image":{"@id":"https:\/\/www.provys-cz.eu\/de\/#\/schema\/logo\/image\/"}}]}},"acf":[],"_links":{"self":[{"href":"https:\/\/www.provys-cz.eu\/de\/wp-json\/wp\/v2\/pages\/2049"}],"collection":[{"href":"https:\/\/www.provys-cz.eu\/de\/wp-json\/wp\/v2\/pages"}],"about":[{"href":"https:\/\/www.provys-cz.eu\/de\/wp-json\/wp\/v2\/types\/page"}],"author":[{"embeddable":true,"href":"https:\/\/www.provys-cz.eu\/de\/wp-json\/wp\/v2\/users\/1"}],"replies":[{"embeddable":true,"href":"https:\/\/www.provys-cz.eu\/de\/wp-json\/wp\/v2\/comments?post=2049"}],"version-history":[{"count":114,"href":"https:\/\/www.provys-cz.eu\/de\/wp-json\/wp\/v2\/pages\/2049\/revisions"}],"predecessor-version":[{"id":3405,"href":"https:\/\/www.provys-cz.eu\/de\/wp-json\/wp\/v2\/pages\/2049\/revisions\/3405"}],"wp:attachment":[{"href":"https:\/\/www.provys-cz.eu\/de\/wp-json\/wp\/v2\/media?parent=2049"}],"curies":[{"name":"wp","href":"https:\/\/api.w.org\/{rel}","templated":true}]}}