{"id":1836,"date":"2022-07-26T09:50:37","date_gmt":"2022-07-26T07:50:37","guid":{"rendered":"https:\/\/www.provys-cz.eu\/de\/?page_id=1836"},"modified":"2023-03-16T11:12:16","modified_gmt":"2023-03-16T10:12:16","slug":"domu","status":"publish","type":"page","link":"https:\/\/www.provys-cz.eu\/de\/","title":{"rendered":"Home"},"content":{"rendered":"\t\t<div data-elementor-type=\"wp-page\" data-elementor-id=\"1836\" class=\"elementor elementor-1836\">\n\t\t\t\t\t\t<section class=\"elementor-section elementor-top-section elementor-element elementor-element-2859a7d elementor-section-full_width elementor-section-height-default elementor-section-height-default\" data-id=\"2859a7d\" data-element_type=\"section\">\n\t\t\t\t\t\t<div class=\"elementor-container elementor-column-gap-no\">\n\t\t\t\t\t<div class=\"elementor-column elementor-col-100 elementor-top-column elementor-element elementor-element-1d97ca4\" data-id=\"1d97ca4\" data-element_type=\"column\">\n\t\t\t<div class=\"elementor-widget-wrap elementor-element-populated\">\n\t\t\t\t\t\t<div class=\"elementor-element elementor-element-bfeda7c elementor-absolute e-transform elementor-hidden-mobile elementor-align-center elementor-widget elementor-widget-lottie\" data-id=\"bfeda7c\" data-element_type=\"widget\" data-settings=\"{&quot;source_json&quot;:{&quot;url&quot;:&quot;https:\\\/\\\/www.provys-cz.eu\\\/de\\\/wp-content\\\/uploads\\\/sites\\\/12\\\/2023\\\/03\\\/robot-ani.json&quot;,&quot;id&quot;:3388,&quot;size&quot;:&quot;&quot;,&quot;alt&quot;:&quot;&quot;,&quot;source&quot;:&quot;library&quot;},&quot;loop&quot;:&quot;yes&quot;,&quot;_position&quot;:&quot;absolute&quot;,&quot;_transform_translateY_effect&quot;:{&quot;unit&quot;:&quot;px&quot;,&quot;size&quot;:51,&quot;sizes&quot;:[]},&quot;source&quot;:&quot;media_file&quot;,&quot;caption_source&quot;:&quot;none&quot;,&quot;link_to&quot;:&quot;none&quot;,&quot;trigger&quot;:&quot;arriving_to_viewport&quot;,&quot;viewport&quot;:{&quot;unit&quot;:&quot;%&quot;,&quot;size&quot;:&quot;&quot;,&quot;sizes&quot;:{&quot;start&quot;:0,&quot;end&quot;:100}},&quot;play_speed&quot;:{&quot;unit&quot;:&quot;px&quot;,&quot;size&quot;:1,&quot;sizes&quot;:[]},&quot;start_point&quot;:{&quot;unit&quot;:&quot;%&quot;,&quot;size&quot;:&quot;0&quot;,&quot;sizes&quot;:[]},&quot;end_point&quot;:{&quot;unit&quot;:&quot;%&quot;,&quot;size&quot;:&quot;100&quot;,&quot;sizes&quot;:[]},&quot;renderer&quot;:&quot;svg&quot;,&quot;_transform_translateX_effect&quot;:{&quot;unit&quot;:&quot;px&quot;,&quot;size&quot;:&quot;&quot;,&quot;sizes&quot;:[]},&quot;_transform_translateX_effect_tablet&quot;:{&quot;unit&quot;:&quot;px&quot;,&quot;size&quot;:&quot;&quot;,&quot;sizes&quot;:[]},&quot;_transform_translateX_effect_mobile&quot;:{&quot;unit&quot;:&quot;px&quot;,&quot;size&quot;:&quot;&quot;,&quot;sizes&quot;:[]},&quot;_transform_translateY_effect_tablet&quot;:{&quot;unit&quot;:&quot;px&quot;,&quot;size&quot;:&quot;&quot;,&quot;sizes&quot;:[]},&quot;_transform_translateY_effect_mobile&quot;:{&quot;unit&quot;:&quot;px&quot;,&quot;size&quot;:&quot;&quot;,&quot;sizes&quot;:[]}}\" data-widget_type=\"lottie.default\">\n\t\t\t\t<div class=\"elementor-widget-container\">\n\t\t\t<style>\/*! elementor-pro - v3.10.0 - 09-01-2023 *\/\n.e-lottie__container{display:inline-block;max-width:var(--lottie-container-max-width);width:var(--lottie-container-width);opacity:var(--lottie-container-opacity)}.e-lottie__container:hover{opacity:var(--lottie-container-opacity-hover);transition-duration:var(--lottie-container-transition-duration-hover)}.e-lottie__container svg,.e-lottie__container svg *{transition:none!important}.e-lottie__caption{color:var(--caption-color);margin-top:var(--caption-margin-top);text-align:var(--caption-text-align)}<\/style><div class=\"e-lottie__container\"><div class=\"e-lottie__animation\"><\/div><\/div>\t\t<\/div>\n\t\t\t\t<\/div>\n\t\t\t\t<div class=\"elementor-element elementor-element-dd3f87d elementor-widget elementor-widget-industrus_main_slider\" data-id=\"dd3f87d\" data-element_type=\"widget\" data-widget_type=\"industrus_main_slider.default\">\n\t\t\t\t<div class=\"elementor-widget-container\">\n\t\t\t\t\t<div class=\"dl-slider  custom  \" data-autoplay=\"1\" data-autoplay-speed=\"5000\" data-initial-slide=\"0\" data-dots=\"false\" data-arrows=\"false\" data-pauseon-hover=\"false\">\r\n\t\t\t\t\t<div class=\"hero-slide slide-1 mask\">\r\n\t\t\t\t<div class=\"bg-img \" style=\"background-image: url(https:\/\/www.provys-cz.eu\/de\/wp-content\/uploads\/sites\/12\/2023\/02\/homebg.jpg);\"><\/div>\t\t\t\t<div class=\"top-shape\" style=\"\" data-animation=\"fade-in-left\" data-delay=\"300ms\"><\/div><div class=\"bottom-shape\" style=\"\" data-animation=\"fade-in-right\" data-delay=\"300ms\"><\/div>\t\t\t\t\t\t\t\t\t\t\t\t<div class=\"slider-content-wrap d-flex align-items-center\">\r\n\t\t\t\t\t<div class=\"container\">\r\n\t\t\t\t\t\t<div class=\"slider-content\">\r\n\t\t\t\t\t\t<div class=\"dl-caption big elementor-repeater-item-ab758ea\"><div class=\"inner-layer\"><div data-animation=\"fade-in-right\" data-delay=\"800ms\">Mit uns geht es ganz<br>wie von allein!\n<\/div><\/div><\/div><div class=\"dl-caption small elementor-repeater-item-da04f55\"><div class=\"inner-layer\"><div data-animation=\"fade-in-right\" data-delay=\"1000ms\">Wir sind ein traditioneller Hersteller von Einzweck- und Spezialmaschinen, Pr\u00fcfger\u00e4ten und Vorrichtungen.<\/div><\/div><\/div><div class=\"dl-btn-group button elementor-repeater-item-fb9a648\"><div class=\"inner-layer\"><a href=\"#unsere-dienstleistungen\" class=\"dl-btn-2\" data-animation=\"fade-in-right\" data-delay=\"1200ms\">Unsere Dienstleistungen<span><\/span><\/a><\/div><\/div>\t\t\t\t\t\t<\/div>\r\n\t\t\t\t\t<\/div>\r\n\t\t\t\t<\/div>  \r\n\t\t\t\t \r\n\t\t\t<\/div>\r\n\t\t\t\t\t\t\t\t\t\t\t<\/div>\r\n\t\t\t<\/div>\n\t\t\t\t<\/div>\n\t\t\t\t\t<\/div>\n\t\t<\/div>\n\t\t\t\t\t<\/div>\n\t\t<\/section>\n\t\t\t\t<section class=\"elementor-section elementor-top-section elementor-element elementor-element-dcf5861 elementor-section-boxed elementor-section-height-default elementor-section-height-default\" data-id=\"dcf5861\" data-element_type=\"section\" id=\"unsere-dienstleistungen\" data-settings=\"{&quot;background_background&quot;:&quot;classic&quot;}\">\n\t\t\t\t\t\t<div class=\"elementor-container elementor-column-gap-default\">\n\t\t\t\t\t<div class=\"elementor-column elementor-col-100 elementor-top-column elementor-element elementor-element-adfe090\" data-id=\"adfe090\" data-element_type=\"column\">\n\t\t\t<div class=\"elementor-widget-wrap elementor-element-populated\">\n\t\t\t\t\t\t<div class=\"elementor-element elementor-element-657a482 dl-align-center elementor-widget elementor-widget-industrus-section-heading\" data-id=\"657a482\" data-element_type=\"widget\" data-widget_type=\"industrus-section-heading.default\">\n\t\t\t\t<div class=\"elementor-widget-container\">\n\t\t\t        <div class=\"dl-section-heading\">\r\n                            <h4 class=\"dl-sub-heading\">Unsere Dienstleistungen<\/h4>\r\n                                    <h2 class=\"dl-heading\" data-bg-text=\"\">\r\n                                                <span class=\"dl-center\">Wir helfen Ihnen dabei, Ihre Produktion zu automatisieren<\/span>\r\n                                                            <\/h2>\r\n                                <\/div>\r\n        \t\t<\/div>\n\t\t\t\t<\/div>\n\t\t\t\t<section class=\"elementor-section elementor-inner-section elementor-element elementor-element-f734007 elementor-section-boxed elementor-section-height-default elementor-section-height-default\" data-id=\"f734007\" data-element_type=\"section\">\n\t\t\t\t\t\t<div class=\"elementor-container elementor-column-gap-default\">\n\t\t\t\t\t<div class=\"elementor-column elementor-col-25 elementor-inner-column elementor-element elementor-element-0e2dd10\" data-id=\"0e2dd10\" data-element_type=\"column\">\n\t\t\t<div class=\"elementor-widget-wrap elementor-element-populated\">\n\t\t\t\t\t\t<div class=\"elementor-element elementor-element-b8c6bfd elementor-widget elementor-widget-industrus_service\" data-id=\"b8c6bfd\" data-element_type=\"widget\" data-widget_type=\"industrus_service.default\">\n\t\t\t\t<div class=\"elementor-widget-container\">\n\t\t\t            <div class=\"dl-service dl-service-style-3 large\" >\r\n                <a href=\"\/de\/produktionslinien\/\"><div class=\"dl-icon\"><i class=\"dl dl-industrial-robot-12\"><\/i><\/div><\/a>                                <div class=\"content\">\r\n                    <h4 class=\"service-title\"><a href=\" \/de\/produktionslinien\/ \"><span >Produktionslinien<\/span><\/a><\/h4><p >Linien, die aus mehreren aufeinanderfolgenden Arbeitspl\u00e4tzen oder Prozessen bestehen.\n<br><a href=\"\/de\/produktionslinien\/\" class=\"readmore_btn\"><span>Mehr Infos\n<\/span><\/a><\/p>                <\/div>\r\n            <\/div>\r\n        \t\t<\/div>\n\t\t\t\t<\/div>\n\t\t\t\t\t<\/div>\n\t\t<\/div>\n\t\t\t\t<div class=\"elementor-column elementor-col-25 elementor-inner-column elementor-element elementor-element-d70bc88\" data-id=\"d70bc88\" data-element_type=\"column\">\n\t\t\t<div class=\"elementor-widget-wrap elementor-element-populated\">\n\t\t\t\t\t\t<div class=\"elementor-element elementor-element-59d07af elementor-widget elementor-widget-industrus_service\" data-id=\"59d07af\" data-element_type=\"widget\" data-widget_type=\"industrus_service.default\">\n\t\t\t\t<div class=\"elementor-widget-container\">\n\t\t\t            <div class=\"dl-service dl-service-style-3 large\" >\r\n                <a href=\"\/de\/einzweckmaschinen\/\"><div class=\"dl-icon\"><i class=\"dl dl-drilling-machine-1\"><\/i><\/div><\/a>                                <div class=\"content\">\r\n                    <h4 class=\"service-title\"><a href=\" \/de\/einzweckmaschinen\/ \"><span >Einzweckmaschinen<\/span><\/a><\/h4><p >Eigenst\u00e4ndige Maschinen f\u00fcr ein bestimmtes Produkt oder ausgew\u00e4hlte Prozesse. \n<br><a href=\"\/de\/einzweckmaschinen\/\" class=\"readmore_btn\">Mehr Infos\n<\/a><\/p>                <\/div>\r\n            <\/div>\r\n        \t\t<\/div>\n\t\t\t\t<\/div>\n\t\t\t\t\t<\/div>\n\t\t<\/div>\n\t\t\t\t<div class=\"elementor-column elementor-col-25 elementor-inner-column elementor-element elementor-element-68d47fe\" data-id=\"68d47fe\" data-element_type=\"column\">\n\t\t\t<div class=\"elementor-widget-wrap elementor-element-populated\">\n\t\t\t\t\t\t<div class=\"elementor-element elementor-element-7ad1e5e elementor-widget elementor-widget-industrus_service\" data-id=\"7ad1e5e\" data-element_type=\"widget\" data-widget_type=\"industrus_service.default\">\n\t\t\t\t<div class=\"elementor-widget-container\">\n\t\t\t            <div class=\"dl-service dl-service-style-3 large\" >\r\n                <a href=\"\/de\/roboterarbeitsplatz\/\"><div class=\"dl-icon\"><i class=\"dl dl-industrial-robot-15\"><\/i><\/div><\/a>                                <div class=\"content\">\r\n                    <h4 class=\"service-title\"><a href=\" \/de\/roboterarbeitsplatz\/ \"><span >Roboterarbeitsplatz<\/span><\/a><\/h4><p >Arbeitsplatz mit Nutzung von Robotern f\u00fcr den Bereich Anwendung, Handhabung oder Kontrolle. \n<br><a href=\"\/de\/roboterarbeitsplatz\/\" class=\"readmore_btn\"><span>Mehr Infos\n<\/span><\/a><\/p>                <\/div>\r\n            <\/div>\r\n        \t\t<\/div>\n\t\t\t\t<\/div>\n\t\t\t\t\t<\/div>\n\t\t<\/div>\n\t\t\t\t<div class=\"elementor-column elementor-col-25 elementor-inner-column elementor-element elementor-element-e62398a\" data-id=\"e62398a\" data-element_type=\"column\">\n\t\t\t<div class=\"elementor-widget-wrap elementor-element-populated\">\n\t\t\t\t\t\t<div class=\"elementor-element elementor-element-29a5e4e elementor-widget elementor-widget-industrus_service\" data-id=\"29a5e4e\" data-element_type=\"widget\" data-widget_type=\"industrus_service.default\">\n\t\t\t\t<div class=\"elementor-widget-container\">\n\t\t\t            <div class=\"dl-service dl-service-style-3 large\" >\r\n                <a href=\"\/de\/dienstleistungen\/\"><div class=\"dl-icon\"><i class=\"pe pe-7s-tools\"><\/i><\/div><\/a>                                <div class=\"content\">\r\n                    <h4 class=\"service-title\"><a href=\" \/de\/dienstleistungen\/ \"><span >Dienstleistungen<\/span><\/a><\/h4><p >Zusammenarbeit und Unterst\u00fctzung im Bereich der Maschinenbaukonstruktion, der Elektroprojekte oder der Programmierung.\n<br><a href=\"\/de\/dienstleistungen\/\" class=\"readmore_btn\"><span>Mehr Infos\n<\/span><\/a><\/p>                <\/div>\r\n            <\/div>\r\n        \t\t<\/div>\n\t\t\t\t<\/div>\n\t\t\t\t\t<\/div>\n\t\t<\/div>\n\t\t\t\t\t<\/div>\n\t\t<\/section>\n\t\t\t\t\t<\/div>\n\t\t<\/div>\n\t\t\t\t\t<\/div>\n\t\t<\/section>\n\t\t\t\t<section class=\"elementor-section elementor-top-section elementor-element elementor-element-cb94366 elementor-section-full_width elementor-section-height-default elementor-section-height-default\" data-id=\"cb94366\" data-element_type=\"section\" id=\"logos\" data-settings=\"{&quot;background_background&quot;:&quot;classic&quot;}\">\n\t\t\t\t\t\t<div class=\"elementor-container elementor-column-gap-default\">\n\t\t\t\t\t<div class=\"elementor-column elementor-col-100 elementor-top-column elementor-element elementor-element-cdc5124\" data-id=\"cdc5124\" data-element_type=\"column\">\n\t\t\t<div class=\"elementor-widget-wrap elementor-element-populated\">\n\t\t\t\t\t\t<div class=\"elementor-element elementor-element-e9f8e88 elementor-arrows-position-outside elementor-widget elementor-widget-global elementor-global-3208 elementor-widget-image-carousel\" data-id=\"e9f8e88\" data-element_type=\"widget\" id=\"logos\" data-settings=\"{&quot;slides_to_show&quot;:&quot;4&quot;,&quot;slides_to_scroll&quot;:&quot;1&quot;,&quot;navigation&quot;:&quot;arrows&quot;,&quot;autoplay&quot;:&quot;yes&quot;,&quot;pause_on_hover&quot;:&quot;yes&quot;,&quot;pause_on_interaction&quot;:&quot;yes&quot;,&quot;autoplay_speed&quot;:5000,&quot;infinite&quot;:&quot;yes&quot;,&quot;speed&quot;:500}\" data-widget_type=\"image-carousel.default\">\n\t\t\t\t<div class=\"elementor-widget-container\">\n\t\t\t<style>\/*! elementor - v3.23.0 - 05-08-2024 *\/\n.elementor-widget-image-carousel .swiper,.elementor-widget-image-carousel .swiper-container{position:static}.elementor-widget-image-carousel .swiper-container .swiper-slide figure,.elementor-widget-image-carousel .swiper .swiper-slide figure{line-height:inherit}.elementor-widget-image-carousel .swiper-slide{text-align:center}.elementor-image-carousel-wrapper:not(.swiper-container-initialized):not(.swiper-initialized) .swiper-slide{max-width:calc(100% \/ var(--e-image-carousel-slides-to-show, 3))}<\/style>\t\t<div class=\"elementor-image-carousel-wrapper swiper\" dir=\"ltr\">\n\t\t\t<div class=\"elementor-image-carousel swiper-wrapper\" aria-live=\"off\">\n\t\t\t\t\t\t\t\t<div class=\"swiper-slide\" role=\"group\" aria-roledescription=\"slide\" aria-label=\"1 z 4\"><figure class=\"swiper-slide-inner\"><img decoding=\"async\" class=\"swiper-slide-image\" src=\"https:\/\/www.provys-cz.eu\/de\/wp-content\/uploads\/sites\/12\/2023\/01\/l1.png\" alt=\"https:\/\/www.witte-automotive.com\/\" \/><\/figure><\/div><div class=\"swiper-slide\" role=\"group\" aria-roledescription=\"slide\" aria-label=\"2 z 4\"><figure class=\"swiper-slide-inner\"><img decoding=\"async\" class=\"swiper-slide-image\" src=\"https:\/\/www.provys-cz.eu\/de\/wp-content\/uploads\/sites\/12\/2023\/01\/l2.png\" alt=\"https:\/\/www.freudenberg.com\/\" \/><\/figure><\/div><div class=\"swiper-slide\" role=\"group\" aria-roledescription=\"slide\" aria-label=\"3 z 4\"><figure class=\"swiper-slide-inner\"><img decoding=\"async\" class=\"swiper-slide-image\" src=\"https:\/\/www.provys-cz.eu\/de\/wp-content\/uploads\/sites\/12\/2023\/01\/l3.png\" alt=\"https:\/\/www.grupoantolin.com\/\" \/><\/figure><\/div><div class=\"swiper-slide\" role=\"group\" aria-roledescription=\"slide\" aria-label=\"4 z 4\"><figure class=\"swiper-slide-inner\"><img decoding=\"async\" class=\"swiper-slide-image\" src=\"https:\/\/www.provys-cz.eu\/de\/wp-content\/uploads\/sites\/12\/2023\/01\/l4.png\" alt=\"https:\/\/www.iacgroup.com\/\" \/><\/figure><\/div>\t\t\t<\/div>\n\t\t\t\t\t\t\t\t\t\t\t\t<div class=\"elementor-swiper-button elementor-swiper-button-prev\" role=\"button\" tabindex=\"0\">\n\t\t\t\t\t\t<i aria-hidden=\"true\" class=\"eicon-chevron-left\"><\/i>\t\t\t\t\t<\/div>\n\t\t\t\t\t<div class=\"elementor-swiper-button elementor-swiper-button-next\" role=\"button\" tabindex=\"0\">\n\t\t\t\t\t\t<i aria-hidden=\"true\" class=\"eicon-chevron-right\"><\/i>\t\t\t\t\t<\/div>\n\t\t\t\t\n\t\t\t\t\t\t\t\t\t<\/div>\n\t\t\t\t<\/div>\n\t\t\t\t<\/div>\n\t\t\t\t\t<\/div>\n\t\t<\/div>\n\t\t\t\t\t<\/div>\n\t\t<\/section>\n\t\t\t\t<\/div>\n\t\t","protected":false},"excerpt":{"rendered":"<p>Mit uns geht es ganz wie von allein! Wir sind ein traditioneller Hersteller von Einzweck- und Spezialmaschinen, Pr\u00fcfger\u00e4ten und Vorrichtungen.Unsere Dienstleistungen Unsere Dienstleistungen Wir helfen Ihnen dabei, Ihre Produktion zu automatisieren Produktionslinien Linien, die aus mehreren aufeinanderfolgenden Arbeitspl\u00e4tzen oder Prozessen bestehen. Mehr Infos Einzweckmaschinen Eigenst\u00e4ndige Maschinen f\u00fcr ein bestimmtes Produkt oder ausgew\u00e4hlte Prozesse. Mehr Infos<\/p>\n","protected":false},"author":1,"featured_media":0,"parent":0,"menu_order":0,"comment_status":"closed","ping_status":"closed","template":"elementor_header_footer","meta":[],"yoast_head":"<!-- This site is optimized with the Yoast SEO plugin v21.8.1 - https:\/\/yoast.com\/wordpress\/plugins\/seo\/ -->\n<title>Industrielle Automatisierung der Produktion | PROVYS CZ<\/title>\n<meta name=\"description\" content=\"Wir stellen spezielle Einzweckmaschinen, Roboteranlagen und Linien mit verschiedenen Automatisierungsgraden her. Wir liefern in die ganze Welt.\" \/>\n<meta name=\"robots\" content=\"index, follow, max-snippet:-1, max-image-preview:large, max-video-preview:-1\" \/>\n<link rel=\"canonical\" href=\"https:\/\/www.provys-cz.eu\/de\/\" \/>\n<meta property=\"og:locale\" content=\"cs_CZ\" \/>\n<meta property=\"og:type\" content=\"article\" \/>\n<meta property=\"og:title\" content=\"Industrielle Automatisierung der Produktion | PROVYS CZ\" \/>\n<meta property=\"og:description\" content=\"Wir stellen spezielle Einzweckmaschinen, Roboteranlagen und Linien mit verschiedenen Automatisierungsgraden her. Wir liefern in die ganze Welt.\" \/>\n<meta property=\"og:url\" content=\"https:\/\/www.provys-cz.eu\/de\/\" \/>\n<meta property=\"og:site_name\" content=\"Provys - de\" \/>\n<meta property=\"article:modified_time\" content=\"2023-03-16T10:12:16+00:00\" \/>\n<meta property=\"og:image\" content=\"https:\/\/www.provys-cz.eu\/de\/wp-content\/uploads\/sites\/12\/2023\/01\/l1.png\" \/>\n<meta name=\"twitter:card\" content=\"summary_large_image\" \/>\n<meta name=\"twitter:label1\" content=\"Odhadovan\u00e1 doba \u010dten\u00ed\" \/>\n\t<meta name=\"twitter:data1\" content=\"2 minuty\" \/>\n<script type=\"application\/ld+json\" class=\"yoast-schema-graph\">{\"@context\":\"https:\/\/schema.org\",\"@graph\":[{\"@type\":\"WebPage\",\"@id\":\"https:\/\/www.provys-cz.eu\/de\/\",\"url\":\"https:\/\/www.provys-cz.eu\/de\/\",\"name\":\"Industrielle Automatisierung der Produktion | PROVYS CZ\",\"isPartOf\":{\"@id\":\"https:\/\/www.provys-cz.eu\/de\/#website\"},\"datePublished\":\"2022-07-26T07:50:37+00:00\",\"dateModified\":\"2023-03-16T10:12:16+00:00\",\"description\":\"Wir stellen spezielle Einzweckmaschinen, Roboteranlagen und Linien mit verschiedenen Automatisierungsgraden her. Wir liefern in die ganze Welt.\",\"inLanguage\":\"cs\",\"potentialAction\":[{\"@type\":\"ReadAction\",\"target\":[\"https:\/\/www.provys-cz.eu\/de\/\"]}]},{\"@type\":\"WebSite\",\"@id\":\"https:\/\/www.provys-cz.eu\/de\/#website\",\"url\":\"https:\/\/www.provys-cz.eu\/de\/\",\"name\":\"Provys - de\",\"description\":\"S n\u00e1mi to jde samo!\",\"publisher\":{\"@id\":\"https:\/\/www.provys-cz.eu\/de\/#organization\"},\"potentialAction\":[{\"@type\":\"SearchAction\",\"target\":{\"@type\":\"EntryPoint\",\"urlTemplate\":\"https:\/\/www.provys-cz.eu\/de\/?s={search_term_string}\"},\"query-input\":\"required name=search_term_string\"}],\"inLanguage\":\"cs\"},{\"@type\":\"Organization\",\"@id\":\"https:\/\/www.provys-cz.eu\/de\/#organization\",\"name\":\"Provys - de\",\"url\":\"https:\/\/www.provys-cz.eu\/de\/\",\"logo\":{\"@type\":\"ImageObject\",\"inLanguage\":\"cs\",\"@id\":\"https:\/\/www.provys-cz.eu\/de\/#\/schema\/logo\/image\/\",\"url\":\"https:\/\/www.provys-cz.eu\/de\/wp-content\/uploads\/sites\/12\/2022\/08\/logo.png\",\"contentUrl\":\"https:\/\/www.provys-cz.eu\/de\/wp-content\/uploads\/sites\/12\/2022\/08\/logo.png\",\"width\":1188,\"height\":236,\"caption\":\"Provys - de\"},\"image\":{\"@id\":\"https:\/\/www.provys-cz.eu\/de\/#\/schema\/logo\/image\/\"}}]}<\/script>\n<!-- \/ Yoast SEO plugin. -->","yoast_head_json":{"title":"Industrielle Automatisierung der Produktion | PROVYS CZ","description":"Wir stellen spezielle Einzweckmaschinen, Roboteranlagen und Linien mit verschiedenen Automatisierungsgraden her. Wir liefern in die ganze Welt.","robots":{"index":"index","follow":"follow","max-snippet":"max-snippet:-1","max-image-preview":"max-image-preview:large","max-video-preview":"max-video-preview:-1"},"canonical":"https:\/\/www.provys-cz.eu\/de\/","og_locale":"cs_CZ","og_type":"article","og_title":"Industrielle Automatisierung der Produktion | PROVYS CZ","og_description":"Wir stellen spezielle Einzweckmaschinen, Roboteranlagen und Linien mit verschiedenen Automatisierungsgraden her. Wir liefern in die ganze Welt.","og_url":"https:\/\/www.provys-cz.eu\/de\/","og_site_name":"Provys - de","article_modified_time":"2023-03-16T10:12:16+00:00","og_image":[{"url":"https:\/\/www.provys-cz.eu\/de\/wp-content\/uploads\/sites\/12\/2023\/01\/l1.png"}],"twitter_card":"summary_large_image","twitter_misc":{"Odhadovan\u00e1 doba \u010dten\u00ed":"2 minuty"},"schema":{"@context":"https:\/\/schema.org","@graph":[{"@type":"WebPage","@id":"https:\/\/www.provys-cz.eu\/de\/","url":"https:\/\/www.provys-cz.eu\/de\/","name":"Industrielle Automatisierung der Produktion | PROVYS CZ","isPartOf":{"@id":"https:\/\/www.provys-cz.eu\/de\/#website"},"datePublished":"2022-07-26T07:50:37+00:00","dateModified":"2023-03-16T10:12:16+00:00","description":"Wir stellen spezielle Einzweckmaschinen, Roboteranlagen und Linien mit verschiedenen Automatisierungsgraden her. Wir liefern in die ganze Welt.","inLanguage":"cs","potentialAction":[{"@type":"ReadAction","target":["https:\/\/www.provys-cz.eu\/de\/"]}]},{"@type":"WebSite","@id":"https:\/\/www.provys-cz.eu\/de\/#website","url":"https:\/\/www.provys-cz.eu\/de\/","name":"Provys - de","description":"S n\u00e1mi to jde samo!","publisher":{"@id":"https:\/\/www.provys-cz.eu\/de\/#organization"},"potentialAction":[{"@type":"SearchAction","target":{"@type":"EntryPoint","urlTemplate":"https:\/\/www.provys-cz.eu\/de\/?s={search_term_string}"},"query-input":"required name=search_term_string"}],"inLanguage":"cs"},{"@type":"Organization","@id":"https:\/\/www.provys-cz.eu\/de\/#organization","name":"Provys - de","url":"https:\/\/www.provys-cz.eu\/de\/","logo":{"@type":"ImageObject","inLanguage":"cs","@id":"https:\/\/www.provys-cz.eu\/de\/#\/schema\/logo\/image\/","url":"https:\/\/www.provys-cz.eu\/de\/wp-content\/uploads\/sites\/12\/2022\/08\/logo.png","contentUrl":"https:\/\/www.provys-cz.eu\/de\/wp-content\/uploads\/sites\/12\/2022\/08\/logo.png","width":1188,"height":236,"caption":"Provys - de"},"image":{"@id":"https:\/\/www.provys-cz.eu\/de\/#\/schema\/logo\/image\/"}}]}},"acf":[],"_links":{"self":[{"href":"https:\/\/www.provys-cz.eu\/de\/wp-json\/wp\/v2\/pages\/1836"}],"collection":[{"href":"https:\/\/www.provys-cz.eu\/de\/wp-json\/wp\/v2\/pages"}],"about":[{"href":"https:\/\/www.provys-cz.eu\/de\/wp-json\/wp\/v2\/types\/page"}],"author":[{"embeddable":true,"href":"https:\/\/www.provys-cz.eu\/de\/wp-json\/wp\/v2\/users\/1"}],"replies":[{"embeddable":true,"href":"https:\/\/www.provys-cz.eu\/de\/wp-json\/wp\/v2\/comments?post=1836"}],"version-history":[{"count":331,"href":"https:\/\/www.provys-cz.eu\/de\/wp-json\/wp\/v2\/pages\/1836\/revisions"}],"predecessor-version":[{"id":3397,"href":"https:\/\/www.provys-cz.eu\/de\/wp-json\/wp\/v2\/pages\/1836\/revisions\/3397"}],"wp:attachment":[{"href":"https:\/\/www.provys-cz.eu\/de\/wp-json\/wp\/v2\/media?parent=1836"}],"curies":[{"name":"wp","href":"https:\/\/api.w.org\/{rel}","templated":true}]}}